{"id":736,"date":"2020-02-13T10:56:25","date_gmt":"2020-02-13T10:56:25","guid":{"rendered":"https:\/\/ccrosacenter.com\/?page_id=736"},"modified":"2022-05-11T10:45:05","modified_gmt":"2022-05-11T09:45:05","slug":"contact","status":"publish","type":"page","link":"https:\/\/ccrosacenter.com\/en\/contact\/","title":{"rendered":"Contact"},"content":{"rendered":"<div class=\"wpb-content-wrapper\"><p>[vc_row css_animation=&#8221;&#8221; row_type=&#8221;row&#8221; use_row_as_full_screen_section=&#8221;no&#8221; type=&#8221;grid&#8221; header_style=&#8221;dark&#8221; angled_section=&#8221;no&#8221; text_align=&#8221;left&#8221; background_image_as_pattern=&#8221;without_pattern&#8221; css=&#8221;.vc_custom_1519220028980{padding-top: 100px !important;background-color: #ffffff !important;}&#8221; z_index=&#8221;&#8221;][vc_column][qode_elements_holder number_of_columns=&#8221;two_columns&#8221;][qode_elements_holder_item advanced_animations=&#8221;no&#8221; background_color=&#8221;#ffffff&#8221; item_padding=&#8221;0 60px 0 0&#8243;]\n<div class=\"wpcf7 no-js\" id=\"wpcf7-f735-o1\" lang=\"es-ES\" dir=\"ltr\" data-wpcf7-id=\"735\">\n<div class=\"screen-reader-response\"><p role=\"status\" aria-live=\"polite\" aria-atomic=\"true\"><\/p> <ul><\/ul><\/div>\n<form action=\"\/en\/wp-json\/wp\/v2\/pages\/736#wpcf7-f735-o1\" method=\"post\" class=\"wpcf7-form init cf7_custom_style_1\" aria-label=\"Formulario de contacto\" novalidate=\"novalidate\" data-status=\"init\">\n<fieldset class=\"hidden-fields-container\"><input type=\"hidden\" name=\"_wpcf7\" value=\"735\" \/><input type=\"hidden\" name=\"_wpcf7_version\" value=\"6.1.5\" \/><input type=\"hidden\" name=\"_wpcf7_locale\" value=\"es_ES\" \/><input type=\"hidden\" name=\"_wpcf7_unit_tag\" value=\"wpcf7-f735-o1\" \/><input type=\"hidden\" name=\"_wpcf7_container_post\" value=\"0\" \/><input type=\"hidden\" name=\"_wpcf7_posted_data_hash\" value=\"\" \/><input type=\"hidden\" name=\"_wpcf7_recaptcha_response\" value=\"\" \/>\n<\/fieldset>\n<p><label> Name (required)<br \/>\n<span class=\"wpcf7-form-control-wrap\" data-name=\"your-name\"><input size=\"40\" maxlength=\"400\" class=\"wpcf7-form-control wpcf7-text wpcf7-validates-as-required\" aria-required=\"true\" aria-invalid=\"false\" value=\"\" type=\"text\" name=\"your-name\" \/><\/span> <\/label>\n<\/p>\n<p><label> Email (required)<br \/>\n<span class=\"wpcf7-form-control-wrap\" data-name=\"your-email\"><input size=\"40\" maxlength=\"400\" class=\"wpcf7-form-control wpcf7-email wpcf7-validates-as-required wpcf7-text wpcf7-validates-as-email\" aria-required=\"true\" aria-invalid=\"false\" value=\"\" type=\"email\" name=\"your-email\" \/><\/span> <\/label>\n<\/p>\n<p><label> Subject<br \/>\n<span class=\"wpcf7-form-control-wrap\" data-name=\"your-subject\"><input size=\"40\" maxlength=\"400\" class=\"wpcf7-form-control wpcf7-text\" aria-invalid=\"false\" value=\"\" type=\"text\" name=\"your-subject\" \/><\/span> <\/label>\n<\/p>\n<p><label> Message<br \/>\n<span class=\"wpcf7-form-control-wrap\" data-name=\"your-message\"><textarea cols=\"40\" rows=\"10\" maxlength=\"2000\" class=\"wpcf7-form-control wpcf7-textarea\" aria-invalid=\"false\" name=\"your-message\"><\/textarea><\/span> <\/label>\n<\/p>\n<p><span class=\"wpcf7-form-control-wrap\" data-name=\"privacidad\"><span class=\"wpcf7-form-control wpcf7-acceptance\"><span class=\"wpcf7-list-item\"><label><input type=\"checkbox\" name=\"privacidad\" value=\"1\" aria-invalid=\"false\" \/><span class=\"wpcf7-list-item-label\">He le\u00eddo y acepto la Pol\u00edtica de Privacidad.<\/span><\/label><\/span><\/span><\/span>\n<\/p>\n<p style=\"font-size: 12px; line-height: 14px;\">Al marcar la casilla, usted est\u00e1 aceptando la pol\u00edtica de protecci\u00f3n de datos.En cumplimiento de la normativa vigente de Protecci\u00f3n de Datos de Car\u00e1cter Personal, le informamos que los datos aportados en el formulario as\u00ed como su direcci\u00f3n de correo electr\u00f3nico, forman parte de la base de datos de CDAD. Propietarios CC Rosa Center. La finalidad es para la gesti\u00f3n interna, profesional, comercial y su fidelizaci\u00f3n, as\u00ed como dar respuesta a la\/s consulta\/s planteadas. De igual modo, su cuenta de correo electr\u00f3nico, ser\u00e1 almacenada para el env\u00edo de informaci\u00f3n sobre nuestra actividad. Su cuenta de correo electr\u00f3nico, se mantendr\u00e1n de forma indefinida en tanto no solicite su supresi\u00f3n. Si usted no desea recibir m\u00e1s informaci\u00f3n, m\u00e1s adelante, sobre nuestros productos o servicios, puede darse de baja en la siguiente direcci\u00f3n de correo electr\u00f3nico info @ ccrosacenter.com, indicando en el asunto \u201cbaja\u201d o \u201cno enviar correos\u201d, o siguiendo las instrucciones a pie del correo electr\u00f3nico recibido o en el formato recibido. Puede consultar la informaci\u00f3n adicional y detallada sobre Protecci\u00f3n de Datos en nuestra p\u00e1gina web: <a href=\"http:\/\/ccrosacenter.avisolegal.info\" target=\"_blank\" rel=\"noopener noreferrer\">http:\/\/ccrosacenter.avisolegal.info<\/a>\n<\/p>\n<p><input class=\"wpcf7-form-control wpcf7-submit has-spinner\" type=\"submit\" value=\"Send\" \/>\n<\/p><div class=\"wpcf7-response-output\" aria-hidden=\"true\"><\/div>\n<\/form>\n<\/div>\n[\/qode_elements_holder_item][qode_elements_holder_item vertical_alignment=&#8221;top&#8221; horizontal_alignment=&#8221;left&#8221; advanced_animations=&#8221;no&#8221;][vc_column_text]<\/p>\n<h3>Contact information<\/h3>\n<p>[\/vc_column_text][vc_empty_space height=&#8221;15px&#8221;][vc_column_text]Use our form to contact us. You can send us your requests, questions or suggestions. We will respond as soon as possible.<\/p>\n<p>Do not forget to follow us on social networks and stay informed in real time of our news.[\/vc_column_text][vc_empty_space height=&#8221;25px&#8221;]<div class=\"q_icon_list\"><i class=\"qode_icon_font_awesome fa fa-map-marker qode-ili-icon-holder transparent\" style=\"font-size: 20px;color: #ffa300;\" ><\/i><p style=\"color:#a2a2a2;font-size: 16px;font-weight: 400;margin-bottom: 0px;\">C El Horno 26, Playa Para\u00edso. Adeje<\/p><\/div><div class=\"q_icon_list\"><i class=\"qode_icon_font_awesome fa fa-envelope-o qode-ili-icon-holder transparent\" style=\"font-size: 20px;color: #ffa300;\" ><\/i><p style=\"color:#a2a2a2;font-size: 16px;font-weight: 400;margin-bottom: 0px;\">info@archigestion.com<\/p><\/div><div class=\"q_icon_list\"><i class=\"qode_icon_font_awesome fa fa-mobile qode-ili-icon-holder transparent\" style=\"font-size: 20px;color: #ffa300;\" ><\/i><p style=\"color:#a2a2a2;font-size: 16px;font-weight: 400;margin-bottom: 0px;\">+34 922 547 976<\/p><\/div><div class=\"q_icon_list\"><i class=\"qode_icon_font_awesome fa fa-clock-o qode-ili-icon-holder transparent\" style=\"font-size: 20px;color: #ffa300;\" ><\/i><p style=\"color:#a2a2a2;font-size: 16px;font-weight: 400;margin-bottom: 0px;\">Every day of 10 to 22h<\/p><\/div>[\/qode_elements_holder_item][\/qode_elements_holder][\/vc_column][\/vc_row][vc_row css_animation=&#8221;&#8221; row_type=&#8221;row&#8221; use_row_as_full_screen_section=&#8221;no&#8221; type=&#8221;grid&#8221; header_style=&#8221;dark&#8221; angled_section=&#8221;no&#8221; text_align=&#8221;left&#8221; background_image_as_pattern=&#8221;without_pattern&#8221; css=&#8221;.vc_custom_1519220036959{padding-top: 40px !important;padding-bottom: 130px !important;}&#8221; z_index=&#8221;&#8221;][vc_column]<div class='google_map_shortcode_holder' style='height:600px;'><div class='qode_google_map' style='height:600px;' id='map_canvas_95243' data-addresses='[\"Calle El Horno n\u00ba 26, Playa Para\u00edso, Adeje, CP: 38678, Santa Cruz de Tenerife.\"]' data-custom-map-style='true' data-color-overlay='rgba(221,153,51,0.81)' data-saturation='-50' data-lightness='0' data-zoom='17' data-pin='https:\/\/ccrosacenter.com\/wp-content\/uploads\/2019\/09\/ccrosa-pin-map.png' data-unique-id='95243' data-google-maps-scroll-wheel='false' data-snazzy-map-style='no' data-map-height='600'><\/div><div class='google_map_shortcode_overlay'><\/div><\/div>[vc_row_inner row_type=&#8221;row&#8221; type=&#8221;full_width&#8221; text_align=&#8221;left&#8221; css_animation=&#8221;&#8221;][vc_column_inner width=&#8221;1\/2&#8243;][vc_empty_space height=&#8221;15px&#8221;][vc_column_text]<\/p>\n<h4>Public transport<\/h4>\n<p>[\/vc_column_text][vc_column_text]<\/p>\n<p style=\"font-size: 12px; line-height: 12px;\">Buses with stops near the mall: lines 471 (Playa Para\u00edso) and 473 (Callao Salvaje)<\/p>\n<p>[\/vc_column_text][\/vc_column_inner][vc_column_inner width=&#8221;1\/2&#8243;][vc_empty_space height=&#8221;15px&#8221;][vc_column_text]<\/p>\n<h4>Private transport<\/h4>\n<p>[\/vc_column_text][vc_column_text]<\/p>\n<p style=\"font-size: 12px; line-height: 12px;\">On the highway, take exit 81 towards road TF-47 (Playa San Juan \/ Puerto Santiago \/ Acantilado de los Gigantes). Continue on TF-47 until Calle El Horno.<\/p>\n<p>[\/vc_column_text][\/vc_column_inner][\/vc_row_inner][\/vc_column][\/vc_row]<\/p>\n<\/div>","protected":false},"excerpt":{"rendered":"<p>[vc_row css_animation=&#8221;&#8221; row_type=&#8221;row&#8221; use_row_as_full_screen_section=&#8221;no&#8221; type=&#8221;grid&#8221; header_style=&#8221;dark&#8221; angled_section=&#8221;no&#8221; text_align=&#8221;left&#8221; background_image_as_pattern=&#8221;without_pattern&#8221; css=&#8221;.vc_custom_1519220028980{padding-top: 100px !important;background-color: #ffffff !important;}&#8221; z_index=&#8221;&#8221;][vc_column][qode_elements_holder number_of_columns=&#8221;two_columns&#8221;][qode_elements_holder_item advanced_animations=&#8221;no&#8221; background_color=&#8221;#ffffff&#8221; item_padding=&#8221;0 60px 0 0&#8243;][\/qode_elements_holder_item][qode_elements_holder_item vertical_alignment=&#8221;top&#8221; horizontal_alignment=&#8221;left&#8221; advanced_animations=&#8221;no&#8221;][vc_column_text] Contact information [\/vc_column_text][vc_empty_space height=&#8221;15px&#8221;][vc_column_text]Use our form to contact us. You can send us your requests, questions or suggestions. We will&#8230;<\/p>\n","protected":false},"author":2,"featured_media":0,"parent":0,"menu_order":0,"comment_status":"closed","ping_status":"closed","template":"full_width.php","meta":{"footnotes":""},"class_list":["post-736","page","type-page","status-publish","hentry"],"yoast_head":"<!-- This site is optimized with the Yoast SEO plugin v27.3 - https:\/\/yoast.com\/product\/yoast-seo-wordpress\/ -->\n<title>Contact - CC Rosa Center<\/title>\n<meta name=\"robots\" content=\"index, follow, max-snippet:-1, max-image-preview:large, max-video-preview:-1\" \/>\n<link rel=\"canonical\" href=\"https:\/\/ccrosacenter.com\/en\/contact\/\" \/>\n<meta property=\"og:locale\" content=\"en_US\" \/>\n<meta property=\"og:type\" content=\"article\" \/>\n<meta property=\"og:title\" content=\"Contact - CC Rosa Center\" \/>\n<meta property=\"og:description\" content=\"[vc_row css_animation=&#8221;&#8221; row_type=&#8221;row&#8221; use_row_as_full_screen_section=&#8221;no&#8221; type=&#8221;grid&#8221; header_style=&#8221;dark&#8221; angled_section=&#8221;no&#8221; text_align=&#8221;left&#8221; background_image_as_pattern=&#8221;without_pattern&#8221; css=&#8221;.vc_custom_1519220028980{padding-top: 100px !important;background-color: #ffffff !important;}&#8221; z_index=&#8221;&#8221;][vc_column][qode_elements_holder number_of_columns=&#8221;two_columns&#8221;][qode_elements_holder_item advanced_animations=&#8221;no&#8221; background_color=&#8221;#ffffff&#8221; item_padding=&#8221;0 60px 0 0&#8243;][\/qode_elements_holder_item][qode_elements_holder_item vertical_alignment=&#8221;top&#8221; horizontal_alignment=&#8221;left&#8221; advanced_animations=&#8221;no&#8221;][vc_column_text] Contact information [\/vc_column_text][vc_empty_space height=&#8221;15px&#8221;][vc_column_text]Use our form to contact us. You can send us your requests, questions or suggestions. We will...\" \/>\n<meta property=\"og:url\" content=\"https:\/\/ccrosacenter.com\/en\/contact\/\" \/>\n<meta property=\"og:site_name\" content=\"CC Rosa Center\" \/>\n<meta property=\"article:modified_time\" content=\"2022-05-11T09:45:05+00:00\" \/>\n<meta name=\"twitter:card\" content=\"summary_large_image\" \/>\n<meta name=\"twitter:label1\" content=\"Est. reading time\" \/>\n\t<meta name=\"twitter:data1\" content=\"2 minutes\" \/>\n<script type=\"application\/ld+json\" class=\"yoast-schema-graph\">{\"@context\":\"https:\\\/\\\/schema.org\",\"@graph\":[{\"@type\":\"WebPage\",\"@id\":\"https:\\\/\\\/ccrosacenter.com\\\/en\\\/contact\\\/\",\"url\":\"https:\\\/\\\/ccrosacenter.com\\\/en\\\/contact\\\/\",\"name\":\"Contact - CC Rosa Center\",\"isPartOf\":{\"@id\":\"https:\\\/\\\/ccrosacenter.com\\\/#website\"},\"datePublished\":\"2020-02-13T10:56:25+00:00\",\"dateModified\":\"2022-05-11T09:45:05+00:00\",\"breadcrumb\":{\"@id\":\"https:\\\/\\\/ccrosacenter.com\\\/en\\\/contact\\\/#breadcrumb\"},\"inLanguage\":\"en-US\",\"potentialAction\":[{\"@type\":\"ReadAction\",\"target\":[\"https:\\\/\\\/ccrosacenter.com\\\/en\\\/contact\\\/\"]}]},{\"@type\":\"BreadcrumbList\",\"@id\":\"https:\\\/\\\/ccrosacenter.com\\\/en\\\/contact\\\/#breadcrumb\",\"itemListElement\":[{\"@type\":\"ListItem\",\"position\":1,\"name\":\"Portada\",\"item\":\"https:\\\/\\\/ccrosacenter.com\\\/en\\\/\"},{\"@type\":\"ListItem\",\"position\":2,\"name\":\"Contact\"}]},{\"@type\":\"WebSite\",\"@id\":\"https:\\\/\\\/ccrosacenter.com\\\/#website\",\"url\":\"https:\\\/\\\/ccrosacenter.com\\\/\",\"name\":\"CC Rosa Center\",\"description\":\"Centro Comercial Rosa Center (Playa Para\u00edso - Adeje)\",\"potentialAction\":[{\"@type\":\"SearchAction\",\"target\":{\"@type\":\"EntryPoint\",\"urlTemplate\":\"https:\\\/\\\/ccrosacenter.com\\\/?s={search_term_string}\"},\"query-input\":{\"@type\":\"PropertyValueSpecification\",\"valueRequired\":true,\"valueName\":\"search_term_string\"}}],\"inLanguage\":\"en-US\"}]}<\/script>\n<!-- \/ Yoast SEO plugin. -->","yoast_head_json":{"title":"Contact - CC Rosa Center","robots":{"index":"index","follow":"follow","max-snippet":"max-snippet:-1","max-image-preview":"max-image-preview:large","max-video-preview":"max-video-preview:-1"},"canonical":"https:\/\/ccrosacenter.com\/en\/contact\/","og_locale":"en_US","og_type":"article","og_title":"Contact - CC Rosa Center","og_description":"[vc_row css_animation=&#8221;&#8221; row_type=&#8221;row&#8221; use_row_as_full_screen_section=&#8221;no&#8221; type=&#8221;grid&#8221; header_style=&#8221;dark&#8221; angled_section=&#8221;no&#8221; text_align=&#8221;left&#8221; background_image_as_pattern=&#8221;without_pattern&#8221; css=&#8221;.vc_custom_1519220028980{padding-top: 100px !important;background-color: #ffffff !important;}&#8221; z_index=&#8221;&#8221;][vc_column][qode_elements_holder number_of_columns=&#8221;two_columns&#8221;][qode_elements_holder_item advanced_animations=&#8221;no&#8221; background_color=&#8221;#ffffff&#8221; item_padding=&#8221;0 60px 0 0&#8243;][\/qode_elements_holder_item][qode_elements_holder_item vertical_alignment=&#8221;top&#8221; horizontal_alignment=&#8221;left&#8221; advanced_animations=&#8221;no&#8221;][vc_column_text] Contact information [\/vc_column_text][vc_empty_space height=&#8221;15px&#8221;][vc_column_text]Use our form to contact us. You can send us your requests, questions or suggestions. We will...","og_url":"https:\/\/ccrosacenter.com\/en\/contact\/","og_site_name":"CC Rosa Center","article_modified_time":"2022-05-11T09:45:05+00:00","twitter_card":"summary_large_image","twitter_misc":{"Est. reading time":"2 minutes"},"schema":{"@context":"https:\/\/schema.org","@graph":[{"@type":"WebPage","@id":"https:\/\/ccrosacenter.com\/en\/contact\/","url":"https:\/\/ccrosacenter.com\/en\/contact\/","name":"Contact - CC Rosa Center","isPartOf":{"@id":"https:\/\/ccrosacenter.com\/#website"},"datePublished":"2020-02-13T10:56:25+00:00","dateModified":"2022-05-11T09:45:05+00:00","breadcrumb":{"@id":"https:\/\/ccrosacenter.com\/en\/contact\/#breadcrumb"},"inLanguage":"en-US","potentialAction":[{"@type":"ReadAction","target":["https:\/\/ccrosacenter.com\/en\/contact\/"]}]},{"@type":"BreadcrumbList","@id":"https:\/\/ccrosacenter.com\/en\/contact\/#breadcrumb","itemListElement":[{"@type":"ListItem","position":1,"name":"Portada","item":"https:\/\/ccrosacenter.com\/en\/"},{"@type":"ListItem","position":2,"name":"Contact"}]},{"@type":"WebSite","@id":"https:\/\/ccrosacenter.com\/#website","url":"https:\/\/ccrosacenter.com\/","name":"CC Rosa Center","description":"Centro Comercial Rosa Center (Playa Para\u00edso - Adeje)","potentialAction":[{"@type":"SearchAction","target":{"@type":"EntryPoint","urlTemplate":"https:\/\/ccrosacenter.com\/?s={search_term_string}"},"query-input":{"@type":"PropertyValueSpecification","valueRequired":true,"valueName":"search_term_string"}}],"inLanguage":"en-US"}]}},"_links":{"self":[{"href":"https:\/\/ccrosacenter.com\/en\/wp-json\/wp\/v2\/pages\/736","targetHints":{"allow":["GET"]}}],"collection":[{"href":"https:\/\/ccrosacenter.com\/en\/wp-json\/wp\/v2\/pages"}],"about":[{"href":"https:\/\/ccrosacenter.com\/en\/wp-json\/wp\/v2\/types\/page"}],"author":[{"embeddable":true,"href":"https:\/\/ccrosacenter.com\/en\/wp-json\/wp\/v2\/users\/2"}],"replies":[{"embeddable":true,"href":"https:\/\/ccrosacenter.com\/en\/wp-json\/wp\/v2\/comments?post=736"}],"version-history":[{"count":0,"href":"https:\/\/ccrosacenter.com\/en\/wp-json\/wp\/v2\/pages\/736\/revisions"}],"wp:attachment":[{"href":"https:\/\/ccrosacenter.com\/en\/wp-json\/wp\/v2\/media?parent=736"}],"curies":[{"name":"wp","href":"https:\/\/api.w.org\/{rel}","templated":true}]}}